{"id":5783,"date":"2014-11-13T23:18:52","date_gmt":"2014-11-13T21:18:52","guid":{"rendered":"http:\/\/assos.venelles.net\/?page_id=5783"},"modified":"2016-06-30T21:00:13","modified_gmt":"2016-06-30T19:00:13","slug":"les-jardins-partages","status":"publish","type":"page","link":"https:\/\/ciq-venelles.net\/index.php\/les-jardins-partages\/","title":{"rendered":"Les jardins partag\u00e9s"},"content":{"rendered":"<div style=\"text-align: center;\"><a title=\"Les jardins partag\u00e9s\"  href=\"http:\/\/assos.venelles.net\/2014\/jardpart.jpg\"><img decoding=\"async\" style=\"float: center; margin-right: 5px;\" title=\"Les jardins partag\u00e9s\" src=\"http:\/\/assos.venelles.net\/2014\/jardpart1.jpg\" alt=\"\" \/><\/a><br \/>\n<em>Les jardins partag\u00e9s<\/em><br \/>\n(cliquer sur l&rsquo;image pour l&rsquo;agrandir)<\/div>\n<\/p>\n<p>Le projet de cr\u00e9ation d\u2019un jardin partag\u00e9 d\u00e9coule de <a href=\"http:\/\/assos.venelles.net\/2013\/03\/reunion-du-groupe-de-pilotage-de-lagenda-21-2\/\">l\u2019Agenda 21 communal<\/a>, il exprime la volont\u00e9 de la municipalit\u00e9 d\u2019apporter des am\u00e9liorations au cadre de vie des habitants de la commune, de cr\u00e9er des occasions de rencontres et de lien social, d\u2019initier un apprentissage d\u2019un meilleur lien \u00e0 l\u2019environnement pour la pr\u00e9servation de la nature et de la biodiversit\u00e9, de rendre possible l\u2019am\u00e9lioration pour tous de la qualit\u00e9 alimentaire.<\/p>\n<p style=\"border: 2px solid green; margin: 0 8px 0 0; padding: 7px; background-color: yellow; float: left; width: 31%;\"><\/a>Le terrain des jardins appartient \u00e0 la municipalit\u00e9.<br \/>\nUn comit\u00e9 de pilotage est charg\u00e9 de choisir les jardiniers, de suivre le projet en veillant au respect des objectifs poursuivis.<br \/>\nNotre association est charg\u00e9e de la mise en \u0153uvre du projet.<br \/>\n<a href=\"http:\/\/assos.venelles.net\/2014\/projet_conv_avec.pdf\">Une convention<\/a> lie notre association \u00e0 la municipalit\u00e9.<br \/>\nLes jardiniers doivent s&rsquo;engager \u00e0 respecter le <a href=\"http:\/\/assos.venelles.net\/2014\/projet-regl_avec.pdf\">r\u00e8glement int\u00e9rieur<\/a>.<\/a><\/a><\/p>\n<p>La participation des habitants \u00e0 la vie du jardin (plantations, f\u00eates, \u00e9v\u00e9nements culturels\u2026), et \u00e0 la gestion du site, sera encourag\u00e9e et devra permettre le d\u00e9veloppement d\u2019une pr\u00e9sence v\u00e9g\u00e9tale dans la commune, tout en s&rsquo;inscrivant dans le cadre d&rsquo;une d\u00e9marche de d\u00e9veloppement durable. <\/p>\n<p>Le terrain communal accueillant les jardins se situe en centre- ville, derri\u00e8re le parking du Ventoux <a href=\"http:\/\/assos.venelles.net\/2014\/jardp1.jpg\">dans le lotissement Chante Grillon<\/a>.<br \/>\nLe jardin partag\u00e9 de Venelles sera un jardin con\u00e7u, construit et cultiv\u00e9 collectivement de fa\u00e7on naturelle. Une trentaine de parcelles de 15m2 environ, c\u00f4te \u00e0 c\u00f4te seront en priorit\u00e9 mises \u00e0 disposition d\u2019habitants ne poss\u00e9dant pas de jardins. Une parcelle collective sera \u00e9galement  \u00e0 disposition des \u00e9coles, centres a\u00e9r\u00e9s\u2026 et sera un terrain propice aux formations des futurs jardiniers.<br \/>\nDes formations gratuites seront dispens\u00e9es aux futurs jardiniers par le CPIE du Pays d\u2019Aix (Centre Permanent d\u2019Initiative \u00e0 l\u2019environnement).<br \/>\nLa gestion des jardins est confi\u00e9e \u00e0 l\u2019association venelloise AVEC.<br \/>\nUne redevance de 70 \u20ac \/ an vous sera demand\u00e9e pour toute affectation de parcelle qui comprend l\u2019adh\u00e9sion \u00e0 l\u2019association AVEC (10\u20ac) et une provision sur charge pour l\u2019eau (60\u20ac).<br \/>\nLes outils et les graines seront \u00e0 la charge du jardinier. Un casier individuel pour les stocker sera propos\u00e9 aux jardiniers.<br \/>\nLe jardin sera accessible tous les jours de 8h \u00e0 22h l\u2019\u00e9t\u00e9 et de 8h \u00e0 19h l\u2019hiver.<br \/>\nSachez que si vous ne voulez pas cultiver une parcelle vous aurez la possibilit\u00e9 d&rsquo;assister aux animations propos\u00e9es par AVEC et le CPIE.<\/p>\n<p>Ils comporteront une trentaine de parcelles de 15 m2 environ et d&rsquo;une parcelle p\u00e9dagogique destin\u00e9e aux enfants des \u00e9coles.<br \/>\nDes animations sont pr\u00e9vues la premi\u00e8re ann\u00e9e pour accompagner les futurs jardiniers.<\/p>\n<div style=\"border:3px solid red;padding:3px;\">\nSi vous souhaitez faire une demande afin de cultiver une parcelle, compl\u00e9tez le formulaire suivant :<br \/>\n<a href=\"https:\/\/docs.google.com\/forms\/d\/1ItOGgeIOPxWxFzTzjuQOplbSlWwGFsw2ziayqTVKnvM\/viewform\">Formulaire de demande d&rsquo;inscription<\/a><br \/>\nSi votre candidature est accept\u00e9e par le comit\u00e9 de pilotage, il vous sera demand\u00e9 de nous adresser des documents justificatifs, de signer le r\u00e8glement int\u00e9rieur et de r\u00e9gler votre participation (70 \u20ac\/an).<\/div>\n<p><a title=\"Article du 25\/11\/14\"  href=\"http:\/\/assos.venelles.net\/2014\/jardin_prov.jpg\">Article de la Provence<\/a> du 25 novembre 2014<\/p>\n<p>Vous pouvez consulter les comptes rendus des r\u00e9unions pr\u00e9paratoires :<br \/>\n&#8211; <a href=\"http:\/\/assos.venelles.net\/2014\/11\/reunion-jardins-partages-du-18-novembre\/\">R\u00e9union du 18 novembre 2014<\/a><br \/>\n&#8211; <a href=\"http:\/\/assos.venelles.net\/2014\/09\/reunion-publique-sur-les-jardins-partages\/\">R\u00e9union publique du 18 septembre 2014<\/a><br \/>\n&#8211; <a href=\"http:\/\/assos.venelles.net\/2014\/09\/reunion-jardins-partages-du-409\/\">R\u00e9union du 4 septembre 2014<\/a><br \/>\n&#8211; <a href=\"http:\/\/assos.venelles.net\/2014\/08\/reunion-jardins-partages-du-0408\/\">R\u00e9union du 4 ao\u00fbt 2014<\/a><br \/>\n&#8211; <a href=\"http:\/\/assos.venelles.net\/2014\/05\/reunion-sur-les-jardins-partages\/\">R\u00e9union du 20 mai 2014<\/a><br \/>\n&#8211; <a href=\"http:\/\/assos.venelles.net\/2014\/11\/reunion-jardins-partages-du-18-novembre\/\">R\u00e9union du 18 novembre 2014<\/a><br \/>\n&#8211; <a href=\"http:\/\/assos.venelles.net\/2014\/05\/reunion-sur-les-jardins-partages\/\">R\u00e9union du 2 avril 2015<\/a><\/p>\n","protected":false},"excerpt":{"rendered":"<p>Les jardins partag\u00e9s (cliquer sur l&rsquo;image pour l&rsquo;agrandir) Le projet de cr\u00e9ation d\u2019un jardin partag\u00e9 d\u00e9coule de l\u2019Agenda 21 communal, il exprime la volont\u00e9 de la municipalit\u00e9 d\u2019apporter des am\u00e9liorations au cadre de vie des habitants de la commune, de cr\u00e9er des occasions de rencontres et de lien social, d\u2019initier un apprentissage d\u2019un meilleur lien [&hellip;]<\/p>\n","protected":false},"author":3,"featured_media":0,"parent":0,"menu_order":0,"comment_status":"open","ping_status":"open","template":"","meta":{"footnotes":""},"class_list":["post-5783","page","type-page","status-publish","hentry"],"_links":{"self":[{"href":"https:\/\/ciq-venelles.net\/index.php\/wp-json\/wp\/v2\/pages\/5783","targetHints":{"allow":["GET"]}}],"collection":[{"href":"https:\/\/ciq-venelles.net\/index.php\/wp-json\/wp\/v2\/pages"}],"about":[{"href":"https:\/\/ciq-venelles.net\/index.php\/wp-json\/wp\/v2\/types\/page"}],"author":[{"embeddable":true,"href":"https:\/\/ciq-venelles.net\/index.php\/wp-json\/wp\/v2\/users\/3"}],"replies":[{"embeddable":true,"href":"https:\/\/ciq-venelles.net\/index.php\/wp-json\/wp\/v2\/comments?post=5783"}],"version-history":[{"count":26,"href":"https:\/\/ciq-venelles.net\/index.php\/wp-json\/wp\/v2\/pages\/5783\/revisions"}],"predecessor-version":[{"id":7089,"href":"https:\/\/ciq-venelles.net\/index.php\/wp-json\/wp\/v2\/pages\/5783\/revisions\/7089"}],"wp:attachment":[{"href":"https:\/\/ciq-venelles.net\/index.php\/wp-json\/wp\/v2\/media?parent=5783"}],"curies":[{"name":"wp","href":"https:\/\/api.w.org\/{rel}","templated":true}]}}