{"id":541,"date":"2012-01-18T17:34:18","date_gmt":"2012-01-18T16:34:18","guid":{"rendered":"http:\/\/avec.venelles.net\/?page_id=541"},"modified":"2012-08-04T14:12:22","modified_gmt":"2012-08-04T14:12:22","slug":"agenda","status":"publish","type":"page","link":"https:\/\/ciq-venelles.net\/index.php\/agenda\/","title":{"rendered":"Agenda"},"content":{"rendered":"<p><strong>Voici les manifestations organis\u00e9es par notre association ainsi que les r\u00e9unions auxquelles nous participons. Les r\u00e9unions font en g\u00e9n\u00e9ral l&rsquo;objet de comptes rendus, publi\u00e9s sur le site. La participation de l&rsquo;association \u00e0 ces r\u00e9unions est limit\u00e9e (un ou deux membres).<\/p>\n<p>Vous pouvez aussi nous rejoindre sur notre page <img decoding=\"async\" style=\"float: left; margin-right: 5px;\" title=\"facebook\" src=\"http:\/\/avec.venelles.net\/2012\/facebook.jpg\" alt=\"\" \/><\/a> sur notre <a href=\"http:\/\/www.facebook.com\/pages\/Venelles-ensemble\/116753575064307\">page Facebook<\/a> .<\/strong><em><\/p>\n<p>L&rsquo;inscription est facile il suffit d&rsquo;ouvrir un compte sur Facebook (c&rsquo;est gratuit)<\/em>.<br \/>\nA bient\u00f4t<\/p>\n<p><iframe loading=\"lazy\" src=\"http:\/\/www.google.com\/calendar\/embed?mode=AGENDA&amp;height=600&amp;wkst=1&amp;bgcolor=%23FFFFFF&amp;src=13770%40sfr.fr&amp;color=%232952A3&amp;ctz=Europe%2FParis\" style=\" border-width:0 \" width=\"960\" height=\"600\" frameborder=\"0\" scrolling=\"no\"><\/iframe><\/p>\n","protected":false},"excerpt":{"rendered":"<p>Voici les manifestations organis\u00e9es par notre association ainsi que les r\u00e9unions auxquelles nous participons. Les r\u00e9unions font en g\u00e9n\u00e9ral l&rsquo;objet de comptes rendus, publi\u00e9s sur le site. La participation de l&rsquo;association \u00e0 ces r\u00e9unions est limit\u00e9e (un ou deux membres). Vous pouvez aussi nous rejoindre sur notre page sur notre page Facebook . L&rsquo;inscription est [&hellip;]<\/p>\n","protected":false},"author":3,"featured_media":0,"parent":0,"menu_order":0,"comment_status":"closed","ping_status":"open","template":"","meta":{"footnotes":""},"class_list":["post-541","page","type-page","status-publish","hentry"],"_links":{"self":[{"href":"https:\/\/ciq-venelles.net\/index.php\/wp-json\/wp\/v2\/pages\/541","targetHints":{"allow":["GET"]}}],"collection":[{"href":"https:\/\/ciq-venelles.net\/index.php\/wp-json\/wp\/v2\/pages"}],"about":[{"href":"https:\/\/ciq-venelles.net\/index.php\/wp-json\/wp\/v2\/types\/page"}],"author":[{"embeddable":true,"href":"https:\/\/ciq-venelles.net\/index.php\/wp-json\/wp\/v2\/users\/3"}],"replies":[{"embeddable":true,"href":"https:\/\/ciq-venelles.net\/index.php\/wp-json\/wp\/v2\/comments?post=541"}],"version-history":[{"count":1,"href":"https:\/\/ciq-venelles.net\/index.php\/wp-json\/wp\/v2\/pages\/541\/revisions"}],"predecessor-version":[{"id":2016,"href":"https:\/\/ciq-venelles.net\/index.php\/wp-json\/wp\/v2\/pages\/541\/revisions\/2016"}],"wp:attachment":[{"href":"https:\/\/ciq-venelles.net\/index.php\/wp-json\/wp\/v2\/media?parent=541"}],"curies":[{"name":"wp","href":"https:\/\/api.w.org\/{rel}","templated":true}]}}