{"id":2722,"date":"2012-11-08T21:10:29","date_gmt":"2012-11-08T21:10:29","guid":{"rendered":"http:\/\/assos.venelles.net\/?page_id=2722"},"modified":"2016-01-26T16:31:07","modified_gmt":"2016-01-26T14:31:07","slug":"compte-rendu-de-nos-assemblees-generales","status":"publish","type":"page","link":"https:\/\/ciq-venelles.net\/index.php\/avec\/compte-rendu-de-nos-assemblees-generales\/","title":{"rendered":"Assembl\u00e9es G\u00e9n\u00e9rales"},"content":{"rendered":"<ul><lh><strong>Comptes rendus Assembl\u00e9es G\u00e9n\u00e9rales<\/strong><\/lh><\/p>\n<li><a href=\"http:\/\/assos.venelles.net\/archives\/avec\/crag_2008.pdf\">AG 2008<\/a><\/li>\n<li><a href=\"http:\/\/assos.venelles.net\/archives\/avec\/crag_2009.pdf\">AG 2009<\/a><\/li>\n<li><a href=\"http:\/\/assos.venelles.net\/archives\/avec\/crag_2010.pdf\">AG 2010<\/a><\/li>\n<li><a href=\"http:\/\/assos.venelles.net\/archives\/avec\/crag_2011.pdf\">AG 2011<\/a><\/li>\n<li><a href=\"http:\/\/assos.venelles.net\/archives\/avec\/crag_2012.pdf\">AG 2012<\/a><\/li>\n<li><a href=\"http:\/\/assos.venelles.net\/archives\/avec\/crag_2013.pdf\">AG 2013<\/a>, voir \u00e9galement la <a href=\"http:\/\/assos.venelles.net\/archives\/avec\/liste_presenceAG2013.pdf\">Liste des pr\u00e9sents<\/a> \u00e0 l&rsquo;AG de 2013<\/li>\n<li><a href=\"http:\/\/assos.venelles.net\/archives\/avec\/crag_2014.pdf\">AG 2014<\/a>, voir \u00e9galement la <a href=\"http:\/\/assos.venelles.net\/archives\/avec\/presence.pdf\">Liste des pr\u00e9sents<\/a> \u00e0 l&rsquo;AG de 2014<\/li>\n<li><a href=\"http:\/\/assos.venelles.net\/archives\/avec\/crag_2015.pdf\">AG 2015<\/a>, voir \u00e9galement la <a href=\"http:\/\/assos.venelles.net\/archives\/avec\/liste_presenceAG2015.pdf\">Liste des pr\u00e9sents<\/a> \u00e0 l&rsquo;AG de 2015<\/li>\n<li><a href=\"http:\/\/assos.venelles.net\/archives\/avec\/crag_2016.pdf\">AG 2016<\/a>, voir \u00e9galement la <a href=\"http:\/\/assos.venelles.net\/archives\/avec\/liste_presenceAG2016.pdf\">Liste des pr\u00e9sents<\/a> \u00e0 l&rsquo;AG de 2016<\/li>\n<\/ul>\n","protected":false},"excerpt":{"rendered":"<p>Comptes rendus Assembl\u00e9es G\u00e9n\u00e9rales AG 2008 AG 2009 AG 2010 AG 2011 AG 2012 AG 2013, voir \u00e9galement la Liste des pr\u00e9sents \u00e0 l&rsquo;AG de 2013 AG 2014, voir \u00e9galement la Liste des pr\u00e9sents \u00e0 l&rsquo;AG de 2014 AG 2015, voir \u00e9galement la Liste des pr\u00e9sents \u00e0 l&rsquo;AG de 2015 AG 2016, voir \u00e9galement la [&hellip;]<\/p>\n","protected":false},"author":3,"featured_media":0,"parent":1750,"menu_order":0,"comment_status":"open","ping_status":"open","template":"","meta":{"footnotes":""},"class_list":["post-2722","page","type-page","status-publish","hentry"],"_links":{"self":[{"href":"https:\/\/ciq-venelles.net\/index.php\/wp-json\/wp\/v2\/pages\/2722","targetHints":{"allow":["GET"]}}],"collection":[{"href":"https:\/\/ciq-venelles.net\/index.php\/wp-json\/wp\/v2\/pages"}],"about":[{"href":"https:\/\/ciq-venelles.net\/index.php\/wp-json\/wp\/v2\/types\/page"}],"author":[{"embeddable":true,"href":"https:\/\/ciq-venelles.net\/index.php\/wp-json\/wp\/v2\/users\/3"}],"replies":[{"embeddable":true,"href":"https:\/\/ciq-venelles.net\/index.php\/wp-json\/wp\/v2\/comments?post=2722"}],"version-history":[{"count":23,"href":"https:\/\/ciq-venelles.net\/index.php\/wp-json\/wp\/v2\/pages\/2722\/revisions"}],"predecessor-version":[{"id":6839,"href":"https:\/\/ciq-venelles.net\/index.php\/wp-json\/wp\/v2\/pages\/2722\/revisions\/6839"}],"up":[{"embeddable":true,"href":"https:\/\/ciq-venelles.net\/index.php\/wp-json\/wp\/v2\/pages\/1750"}],"wp:attachment":[{"href":"https:\/\/ciq-venelles.net\/index.php\/wp-json\/wp\/v2\/media?parent=2722"}],"curies":[{"name":"wp","href":"https:\/\/api.w.org\/{rel}","templated":true}]}}