{"id":2187,"date":"2012-09-07T20:34:18","date_gmt":"2012-09-07T20:34:18","guid":{"rendered":"http:\/\/assos.venelles.net\/?page_id=2187"},"modified":"2012-09-07T20:34:18","modified_gmt":"2012-09-07T20:34:18","slug":"un-mcdo-a-venelles","status":"publish","type":"page","link":"https:\/\/ciq-venelles.net\/index.php\/ciq\/un-mcdo-a-venelles\/","title":{"rendered":"Un McDo \u00e0 Venelles ?"},"content":{"rendered":"<p>C&rsquo;est la demande de permis de construire qui a \u00e9t\u00e9 d\u00e9pos\u00e9e, \u00e0 l&#8217;emplacement de IVECO. <\/p>\n<p>En effet, le PLU ayant \u00e9t\u00e9 annul\u00e9 par le tribunal administratif, c\u2019est l\u2019ancien POS qui pr\u00e9vaut encore, donc sans obligation de logement dans la zone d\u2019activit\u00e9.<\/p>\n<p>Pour l\u2019instant, le propri\u00e9taire n\u2019a pas encore vendu. Sinon, la municipalit\u00e9 pourrait se porter acqu\u00e9reuse du terrain, au moyen de pr\u00eats \u00e0 bas taux de l\u2019Etablissement public d\u2019am\u00e9nagement r\u00e9gional, ou bien surseoir \u00e0 statuer, ce qui ferait repousser le dossier de 18 mois, d\u00e9lai qui pourrait \u00eatre suffisant pour l\u2019adoption du nouveau PLU. <\/p>\n<p>On peut imaginer que les commerces de restauration rapide (sandwicheries) et les restaurants plus  traditionnels implant\u00e9s dans la zone d\u2019activit\u00e9 ne sont pas enchant\u00e9s de cette nouvelle implantation.<\/p>\n<p>Mais qu\u2019en pensent les Venellois eux-m\u00eames ? N\u2019h\u00e9sitez pas \u00e0 exprimer vos r\u00e9actions !<\/p>\n","protected":false},"excerpt":{"rendered":"<p>C&rsquo;est la demande de permis de construire qui a \u00e9t\u00e9 d\u00e9pos\u00e9e, \u00e0 l&#8217;emplacement de IVECO. En effet, le PLU ayant \u00e9t\u00e9 annul\u00e9 par le tribunal administratif, c\u2019est l\u2019ancien POS qui pr\u00e9vaut encore, donc sans obligation de logement dans la zone d\u2019activit\u00e9. Pour l\u2019instant, le propri\u00e9taire n\u2019a pas encore vendu. Sinon, la municipalit\u00e9 pourrait se porter [&hellip;]<\/p>\n","protected":false},"author":2,"featured_media":0,"parent":1856,"menu_order":0,"comment_status":"open","ping_status":"open","template":"","meta":{"footnotes":""},"class_list":["post-2187","page","type-page","status-publish","hentry"],"_links":{"self":[{"href":"https:\/\/ciq-venelles.net\/index.php\/wp-json\/wp\/v2\/pages\/2187","targetHints":{"allow":["GET"]}}],"collection":[{"href":"https:\/\/ciq-venelles.net\/index.php\/wp-json\/wp\/v2\/pages"}],"about":[{"href":"https:\/\/ciq-venelles.net\/index.php\/wp-json\/wp\/v2\/types\/page"}],"author":[{"embeddable":true,"href":"https:\/\/ciq-venelles.net\/index.php\/wp-json\/wp\/v2\/users\/2"}],"replies":[{"embeddable":true,"href":"https:\/\/ciq-venelles.net\/index.php\/wp-json\/wp\/v2\/comments?post=2187"}],"version-history":[{"count":5,"href":"https:\/\/ciq-venelles.net\/index.php\/wp-json\/wp\/v2\/pages\/2187\/revisions"}],"predecessor-version":[{"id":2192,"href":"https:\/\/ciq-venelles.net\/index.php\/wp-json\/wp\/v2\/pages\/2187\/revisions\/2192"}],"up":[{"embeddable":true,"href":"https:\/\/ciq-venelles.net\/index.php\/wp-json\/wp\/v2\/pages\/1856"}],"wp:attachment":[{"href":"https:\/\/ciq-venelles.net\/index.php\/wp-json\/wp\/v2\/media?parent=2187"}],"curies":[{"name":"wp","href":"https:\/\/api.w.org\/{rel}","templated":true}]}}